{"id":185,"date":"2023-07-28T09:57:31","date_gmt":"2023-07-28T07:57:31","guid":{"rendered":"https:\/\/www.taurusweb.it\/cat-4\/"},"modified":"2025-11-19T11:40:46","modified_gmt":"2025-11-19T10:40:46","slug":"cat","status":"publish","type":"page","link":"https:\/\/www.taurusweb.it\/en\/bluline-presse-e-cesoie\/cat\/","title":{"rendered":"CAT"},"content":{"rendered":"<section class=\"u-align-center u-clearfix u-container-align-center u-section-2\" id=\"sec-a217\">\n      <div class=\"u-clearfix u-sheet u-valign-middle u-sheet-1\">\n        <h1 class=\"u-text u-text-custom-color-1 u-text-default-lg u-text-default-md u-text-default-sm u-text-default-xl u-text-1\"> CAT: TRANSPORTABLE SHEAR BALER&nbsp;<b><\/b>\n        <\/h1>\n        <h2 class=\"u-text u-text-custom-color-10 u-text-2\"> \"...IF THE SCRAP DOESN'T GO TO THE SHEAR...<br> THE SHEAR GOES TO THE SCRAP\"\n        <\/h2>\n      <\/div>\n    <\/section>\n    <section class=\"u-clearfix u-image u-image-contain u-section-3\" id=\"sec-9c6d\" data-image-width=\"1600\" data-image-height=\"900\" style=\"background-image: url(&quot;https:\/\/www.taurusweb.it\/wp-content\/uploads\/2023\/07\/Cat.jpg&quot;);\">\n      <div class=\"u-clearfix u-sheet u-sheet-1\"><\/div>\n    <\/section>\n    <section class=\"u-align-center u-clearfix u-container-align-center u-section-4\" id=\"sec-9e26\">\n      <div class=\"u-clearfix u-sheet u-valign-bottom u-sheet-1\">\n        <div class=\"fr-view u-clearfix u-rich-text u-text u-text-1\">\n          <p id=\"isPasted\">\u201cCAT\u201d, the transportable shear baler on trucked vehicle that adapts to your working needs. You will decide, wherever you want to make it work, it will follow you.<br>It's not a new idea, it's just a brilliant idea.<br>The  transportable shear baler has 2 independent remote controls, one for the shear and the other one for the traked vehicle: \"2\" is for safety, \"2\" is for ease of use; \"2\" is for not making mistakes, \"2\" is because 2 are the machines that make up the unit.<br>The \"CAT\" series of transportable shear balers are composed of a single monolithic structure mounted on trucked vehicle.<br>The \u201cCAT\u201d  transportable shear is equipped with the original TAURUS SB compression box with over-stroke on both wings.\n          <\/p>\n        <\/div>\n        <div class=\"u-table u-table-responsive u-table-1\">\n          <table class=\"u-table-entity u-table-entity-1\">\n            <colgroup>\n              <col width=\"47.4%\">\n              <col width=\"10.5%\">\n              <col width=\"10.5%\">\n              <col width=\"10.5%\">\n              <col width=\"10.5%\">\n              <col width=\"10.59999999999999%\">\n            <\/colgroup>\n            <thead class=\"u-align-center u-custom-color-1 u-table-header u-table-header-1\">\n              <tr style=\"height: 25px;\">\n                <th class=\"u-border-1 u-border-black u-table-cell\"><b>\"CAT\" THE TRANSPORTABLE SHEAR BALER&nbsp;<\/b>\n                <\/th>\n                <th class=\"u-border-1 u-border-black u-table-cell\"><\/th>\n                <th class=\"u-border-1 u-border-black u-table-cell\">CAT8<\/th>\n                <th class=\"u-border-1 u-border-black u-table-cell\">CAT10<\/th>\n                <th class=\"u-border-1 u-border-black u-table-cell\">CAT11<\/th>\n                <th class=\"u-border-1 u-border-custom-color-1 u-table-cell\">CAT12<\/th>\n              <\/tr>\n            <\/thead>\n            <tbody class=\"u-align-center u-table-alt-grey-10 u-table-body\">\n              <tr style=\"height: 75px;\">\n                <td class=\"u-border-1 u-border-grey-30 u-table-cell\">Shear cylinders<br>\n                <\/td>\n                <td class=\"u-border-1 u-border-grey-30 u-table-cell u-table-cell-8\">n\u00b0<br>\n                <\/td>\n                <td class=\"u-border-1 u-border-grey-30 u-table-cell u-table-cell-9\">2<\/td>\n                <td class=\"u-border-1 u-border-grey-30 u-table-cell u-table-cell-10\">2<\/td>\n                <td class=\"u-border-1 u-border-grey-30 u-table-cell u-table-cell-11\">2<\/td>\n                <td class=\"u-border-1 u-border-grey-30 u-table-cell u-table-cell-12\">2<\/td>\n              <\/tr>\n              <tr style=\"height: 76px;\">\n                <td class=\"u-border-1 u-border-grey-30 u-table-cell\">Cutting force<\/td>\n                <td class=\"u-border-1 u-border-grey-30 u-table-cell u-table-cell-14\">t<\/td>\n                <td class=\"u-border-1 u-border-grey-30 u-table-cell u-table-cell-15\">800<\/td>\n                <td class=\"u-border-1 u-border-grey-30 u-table-cell u-table-cell-16\">950<\/td>\n                <td class=\"u-border-1 u-border-grey-30 u-table-cell u-table-cell-17\">1100<\/td>\n                <td class=\"u-border-1 u-border-grey-30 u-table-cell u-table-cell-18\">1200<\/td>\n              <\/tr>\n              <tr style=\"height: 76px;\">\n                <td class=\"u-border-1 u-border-grey-30 u-table-cell\">Cutting width<\/td>\n                <td class=\"u-border-1 u-border-grey-30 u-table-cell u-table-cell-20\"> mm<\/td>\n                <td class=\"u-border-1 u-border-grey-30 u-table-cell u-table-cell-21\">1000<\/td>\n                <td class=\"u-border-1 u-border-grey-30 u-table-cell u-table-cell-22\"> 1000<\/td>\n                <td class=\"u-border-1 u-border-grey-30 u-table-cell u-table-cell-23\"> 1100<\/td>\n                <td class=\"u-border-1 u-border-grey-30 u-table-cell u-table-cell-24\"> 1100<\/td>\n              <\/tr>\n              <tr style=\"height: 76px;\">\n                <td class=\"u-border-1 u-border-grey-30 u-table-cell\">Clamp <\/td>\n                <td class=\"u-border-1 u-border-grey-30 u-table-cell u-table-cell-26\"> t<\/td>\n                <td class=\"u-border-1 u-border-grey-30 u-table-cell u-table-cell-27\"> \u2713<\/td>\n                <td class=\"u-border-1 u-border-grey-30 u-table-cell u-table-cell-28\"> \u2713<\/td>\n                <td class=\"u-border-1 u-border-grey-30 u-table-cell u-table-cell-29\"> 240<\/td>\n                <td class=\"u-border-1 u-border-grey-30 u-table-cell u-table-cell-30\"> 360<\/td>\n              <\/tr>\n              <tr style=\"height: 76px;\">\n                <td class=\"u-border-1 u-border-grey-30 u-table-cell\">SB: swinging wings compression system <\/td>\n                <td class=\"u-border-1 u-border-grey-30 u-table-cell u-table-cell-32\"><\/td>\n                <td class=\"u-border-1 u-border-grey-30 u-table-cell u-table-cell-33\">SB<\/td>\n                <td class=\"u-border-1 u-border-grey-30 u-table-cell u-table-cell-34\"> SB<\/td>\n                <td class=\"u-border-1 u-border-grey-30 u-table-cell u-table-cell-35\"> SB<\/td>\n                <td class=\"u-border-1 u-border-grey-30 u-table-cell u-table-cell-36\"> SB<\/td>\n              <\/tr>\n              <tr style=\"height: 76px;\">\n                <td class=\"u-border-1 u-border-grey-30 u-table-cell\">Over stroke on both wings with 90\u00b0 stop <\/td>\n                <td class=\"u-border-1 u-border-grey-30 u-table-cell u-table-cell-38\"><\/td>\n                <td class=\"u-border-1 u-border-grey-30 u-table-cell u-table-cell-39\"> \u2713<\/td>\n                <td class=\"u-border-1 u-border-grey-30 u-table-cell u-table-cell-40\"> \u2713<\/td>\n                <td class=\"u-border-1 u-border-grey-30 u-table-cell u-table-cell-41\"> \u2713<\/td>\n                <td class=\"u-border-1 u-border-grey-30 u-table-cell u-table-cell-42\"> \u2713<\/td>\n              <\/tr>\n              <tr style=\"height: 65px;\">\n                <td class=\"u-border-1 u-border-grey-30 u-table-cell\">Open box dimensions<\/td>\n                <td class=\"u-border-1 u-border-grey-30 u-table-cell u-table-cell-44\">mm<\/td>\n                <td class=\"u-border-1 u-border-grey-30 u-table-cell u-table-cell-45\">2500x6100<\/td>\n                <td class=\"u-border-1 u-border-grey-30 u-table-cell u-table-cell-46\"> 2500x7200<\/td>\n                <td class=\"u-border-1 u-border-grey-30 u-table-cell u-table-cell-47\"> 2600x7200<\/td>\n                <td class=\"u-border-1 u-border-grey-30 u-table-cell u-table-cell-48\"> 2600x7200<\/td>\n              <\/tr>\n              <tr style=\"height: 76px;\">\n                <td class=\"u-border-1 u-border-grey-30 u-table-cell\">Cylinders for each wing<\/td>\n                <td class=\"u-border-1 u-border-grey-30 u-table-cell u-table-cell-50\">n\u00b0<\/td>\n                <td class=\"u-border-1 u-border-grey-30 u-table-cell u-table-cell-51\">2 <\/td>\n                <td class=\"u-border-1 u-border-grey-30 u-table-cell u-table-cell-52\">3 <\/td>\n                <td class=\"u-border-1 u-border-grey-30 u-table-cell u-table-cell-53\">3<\/td>\n                <td class=\"u-border-1 u-border-grey-30 u-table-cell u-table-cell-54\">3<\/td>\n              <\/tr>\n              <tr style=\"height: 76px;\">\n                <td class=\"u-border-1 u-border-grey-30 u-table-cell\">Main compression cylinder<\/td>\n                <td class=\"u-border-1 u-border-grey-30 u-table-cell u-table-cell-56\">t<\/td>\n                <td class=\"u-border-1 u-border-grey-30 u-table-cell u-table-cell-57\">150<\/td>\n                <td class=\"u-border-1 u-border-grey-30 u-table-cell u-table-cell-58\">150<\/td>\n                <td class=\"u-border-1 u-border-grey-30 u-table-cell u-table-cell-59\">150<\/td>\n                <td class=\"u-border-1 u-border-grey-30 u-table-cell u-table-cell-60\">150<\/td>\n              <\/tr>\n              <tr style=\"height: 76px;\">\n                <td class=\"u-border-1 u-border-grey-30 u-table-cell\">Diesel engine<\/td>\n                <td class=\"u-border-1 u-border-grey-30 u-table-cell u-table-cell-62\">hp<\/td>\n                <td class=\"u-border-1 u-border-grey-30 u-table-cell u-table-cell-63\">280<\/td>\n                <td class=\"u-border-1 u-border-grey-30 u-table-cell u-table-cell-64\">400<\/td>\n                <td class=\"u-border-1 u-border-grey-30 u-table-cell u-table-cell-65\">400<\/td>\n                <td class=\"u-border-1 u-border-grey-30 u-table-cell u-table-cell-66\">500<\/td>\n              <\/tr>\n            <\/tbody>\n          <\/table>\n        <\/div>\n        <div class=\"u-accordion u-align-center u-collapsed-by-default u-expanded-width u-spacing-10 u-table-header-1\" role=\"tablist\">\n          <div class=\"u-accordion-item\">\n            <a class=\"u-accordion-link u-active-custom-color-1 u-button-style u-custom-color-1 u-hover-grey-40 u-radius-14 u-accordion-link-1\" id=\"link-accordion-0781\" aria-controls=\"accordion-0781\" aria-selected=\"false\" role=\"tab\"><span class=\"u-accordion-link-text\">FEATURES<\/span><span class=\"u-accordion-link-icon u-icon u-icon-rectangle u-text-white u-icon-1\"><svg class=\"u-svg-link\" preserveaspectratio=\"xMidYMin slice\" viewbox=\"0 0 42 42\" style=\"\"><use xmlns:xlink=\"http:\/\/www.w3.org\/1999\/xlink\" xlink:href=\"#svg-f4c1\"><\/use><\/svg><svg class=\"u-svg-content\" viewbox=\"0 0 42 42\" x=\"0px\" y=\"0px\" id=\"svg-f4c1\" style=\"enable-background:new 0 0 42 42;\"><polygon points=\"42,20 22,20 22,0 20,0 20,20 0,20 0,22 20,22 20,42 22,42 22,22 42,22 \"><\/polygon><\/svg><\/span>\n            <\/a>\n            <div class=\"u-accordion-pane u-container-style u-shape-rectangle u-accordion-pane-1\" id=\"accordion-0781\" aria-labelledby=\"link-accordion-0781\" role=\"tabpanel\">\n              <div class=\"u-container-layout u-container-layout-1\">\n                <div class=\"fr-view u-clearfix u-rich-text u-text u-text-2\">\n                  <h2 id=\"isPasted\" style=\"line-height: 1.2;\"><span class=\"u-text-custom-color-1\" style=\"font-size: 1.875rem;\">STRUCTURE<\/span>\n                  <\/h2>\n                  <ul>\n                    <li style=\"line-height: 1.2; font-weight: 400;\">BASE AND WINGS WITH STEEL WEBBING STRUCTURE WITH CROSS-LINKED CORE, TO INCREASE THE BENDING AND TORSION STIFFNESS VALUE&nbsp;<\/li>\n                    <li style=\"line-height: 1.2; font-weight: 400;\">WEAR-RESISTANT STEEL INNER AND OUTER WINGS SURFACES<\/li>\n                  <\/ul>\n                  <h2 style=\"line-height: 1.2;\"><span class=\"u-text-custom-color-1\" style=\"font-size: 1.875rem;\">ELECTRONICS<\/span>\n                  <\/h2>\n                  <ul>\n                    <li style=\"line-height: 1.2; font-weight: 400;\">CSA: end-of-stroke shock absorbers<\/li>\n                    <li style=\"line-height: 1.2; font-weight: 400;\">EPS: non-contact stroke limiters&nbsp;<\/li>\n                    <li style=\"line-height: 1.2; font-weight: 400;\">ECA: stroke economiser<\/li>\n                    <li style=\"line-height: 1.2; font-weight: 400;\">KNEE: angular sensor to control the overstroke of the wings<\/li>\n                    <li style=\"line-height: 1.2; font-weight: 400;\">IDS: inductive end-of-stroke sensors<\/li>\n                    <li style=\"line-height: 1.2; font-weight: 400;\">HP: working cycle economiser<\/li>\n                    <li style=\"line-height: 1.2; font-weight: 400;\">DOUBLE ENCLOSURE ELECTRICAL PANEL<\/li>\n                    <li style=\"line-height: 1.2; font-weight: 400;\">TOUCH SCREEN<\/li>\n                    <li style=\"line-height: 1.2; font-weight: 400;\">REMOTE CONTROL<\/li>\n                  <\/ul>\n                  <h2 style=\"line-height: 1.2;\"><span class=\"u-text-custom-color-1\" style=\"font-size: 1.875rem;\">HYDRAULIC UNIT<\/span>\n                  <\/h2>\n                  <ul>\n                    <li style=\"line-height: 1.2; font-weight: 400;\">axial piston pumps<\/li>\n                    <li style=\"line-height: 1.2; font-weight: 400;\">oil filtering and cooling pump<\/li>\n                    <li style=\"line-height: 1.2; font-weight: 400;\">piloting pump<\/li>\n                    <li style=\"line-height: 1.2; font-weight: 400;\">distribution valves to CETOP standards<\/li>\n                    <li style=\"line-height: 1.2; font-weight: 400;\">proportional distribution valves<\/li>\n                    <li style=\"line-height: 1.2; font-weight: 400;\">SIR: integrated fast\/slow system<\/li>\n                    <li style=\"line-height: 1.2; font-weight: 400;\">logic element panel&nbsp;<\/li>\n                    <li style=\"line-height: 1.2; font-weight: 400;\">air filters<\/li>\n                    <li style=\"line-height: 1.2; font-weight: 400;\">filtering on independent external circuit &nbsp;<\/li>\n                    <li style=\"line-height: 1.2; font-weight: 400;\">filtering on the pilot line<\/li>\n                    <li style=\"line-height: 1.2; font-weight: 400;\">air-oil cooling system<\/li>\n                    <li style=\"line-height: 1.2; font-weight: 400;\">LCC: centralised shear lubrication<\/li>\n                    <li style=\"line-height: 1.2; font-weight: 400;\">LAC: automatic lubrication of hinges&nbsp;<\/li>\n                    <li style=\"line-height: 1.2; font-weight: 400;\">LAS: automatic lubrication of cylinder lids<\/li>\n                  <\/ul>\n                  <h2 style=\"line-height: 1.2;\"><span class=\"u-text-custom-color-1\" style=\"font-size: 1.875rem;\">TRACKS<\/span>\n                  <\/h2>\n                  <ul>\n                    <li style=\"line-height: 1.2; font-weight: 400;\">REMOTE CONTROL FOR TRACKS<\/li>\n                  <\/ul>\n                  <p>\n                    <br>\n                  <\/p>\n                <\/div>\n              <\/div>\n            <\/div>\n          <\/div>\n        <\/div>\n      <\/div>\n    <\/section>\n    <section class=\"u-align-center u-clearfix u-container-align-center u-section-5\" id=\"sec-b803\">\n      <div class=\"u-clearfix u-sheet u-sheet-1\">\n        <div class=\"u-expanded-width u-layout-grid u-list u-list-1\">\n          <div class=\"u-repeater u-repeater-1\">\n            <div class=\"u-align-center u-container-align-center u-container-style u-list-item u-repeater-item\">\n              <div class=\"u-container-layout u-similar-container u-valign-bottom u-container-layout-1\">\n                <a href=\"https:\/\/www.taurusweb.it\/wp-content\/uploads\/2023\/10\/CAT_ENG.pdf\" class=\"u-align-center u-border-none u-btn u-button-style u-file-link u-none u-btn-1\" target=\"_blank\"><span class=\"u-file-icon u-icon u-icon-1\"><img decoding=\"async\" src=\"https:\/\/www.taurusweb.it\/wp-content\/uploads\/2023\/10\/201153-1.png\" alt=\"\"><\/span>&nbsp;\n                <\/a>\n                <h5 class=\"u-text u-text-1\">\n                  <a class=\"u-active-none u-border-none u-btn u-button-link u-button-style u-file-link u-hover-none u-none u-text-active-custom-color-1 u-text-black u-text-hover-custom-color-1 u-btn-2\" href=\"https:\/\/www.taurusweb.it\/wp-content\/uploads\/2023\/10\/CAT_ENG.pdf\" target=\"_blank\">DOWNLOAD<\/a>\n                <\/h5>\n              <\/div>\n            <\/div>\n            <div class=\"u-align-center u-container-align-center u-container-style u-list-item u-repeater-item\">\n              <div class=\"u-container-layout u-similar-container u-valign-bottom u-container-layout-2\">\n                <a href=\"https:\/\/youtu.be\/EjCiuHPmp7c\" class=\"u-align-center u-border-none u-btn u-button-style u-none u-btn-3\" target=\"_blank\" rel=\"noopener\"><span class=\"u-file-icon u-icon u-icon-2\"><img decoding=\"async\" src=\"https:\/\/www.taurusweb.it\/wp-content\/uploads\/2023\/07\/490841.png\" alt=\"\"><\/span>&nbsp;\n                <\/a>\n                <h5 class=\"u-text u-text-2\">\n                  <a class=\"u-active-none u-border-none u-btn u-button-link u-button-style u-hover-none u-none u-text-active-custom-color-1 u-text-black u-text-hover-custom-color-1 u-btn-4\" href=\"https:\/\/youtu.be\/EjCiuHPmp7c\" target=\"_blank\" rel=\"noopener\">WATCH VIDEO<\/a>\n                <\/h5>\n              <\/div>\n            <\/div>\n          <\/div>\n        <\/div>\n      <\/div>\n    <\/section>","protected":false},"excerpt":{"rendered":"<p>CAT: LA PR\u200b\u200bESSA CESOIA TRASPORTABILE&nbsp; &#8220;&#8230;SE IL ROTTAME NON VA ALLA CESOIA&#8230; LA CESOIA VA AL ROTTAME&#8221; \u201cCAT\u201d, la pressa cesoia trasportabile su mezzo cingolato (art.58 del Codice della Strada D.lgs 285\/1992) che si adegua al vostro metodo di lavoro. Sarete voi a decidere, ovunque vorrete farla funzionare vi seguir\u00e0.Non \u00e8 un&#8217;idea nuova \u00e8 solo &hellip; <a href=\"https:\/\/www.taurusweb.it\/en\/bluline-presse-e-cesoie\/cat\/\" class=\"more-link\">Continue reading<span class=\"screen-reader-text\"> &#8220;CAT&#8221;<\/span><\/a><\/p>","protected":false},"author":3,"featured_media":0,"parent":182,"menu_order":15,"comment_status":"closed","ping_status":"closed","template":"","meta":{"footnotes":""},"class_list":["post-185","page","type-page","status-publish","hentry"],"_links":{"self":[{"href":"https:\/\/www.taurusweb.it\/en\/wp-json\/wp\/v2\/pages\/185","targetHints":{"allow":["GET"]}}],"collection":[{"href":"https:\/\/www.taurusweb.it\/en\/wp-json\/wp\/v2\/pages"}],"about":[{"href":"https:\/\/www.taurusweb.it\/en\/wp-json\/wp\/v2\/types\/page"}],"author":[{"embeddable":true,"href":"https:\/\/www.taurusweb.it\/en\/wp-json\/wp\/v2\/users\/3"}],"replies":[{"embeddable":true,"href":"https:\/\/www.taurusweb.it\/en\/wp-json\/wp\/v2\/comments?post=185"}],"version-history":[{"count":30,"href":"https:\/\/www.taurusweb.it\/en\/wp-json\/wp\/v2\/pages\/185\/revisions"}],"predecessor-version":[{"id":1298,"href":"https:\/\/www.taurusweb.it\/en\/wp-json\/wp\/v2\/pages\/185\/revisions\/1298"}],"up":[{"embeddable":true,"href":"https:\/\/www.taurusweb.it\/en\/wp-json\/wp\/v2\/pages\/182"}],"wp:attachment":[{"href":"https:\/\/www.taurusweb.it\/en\/wp-json\/wp\/v2\/media?parent=185"}],"curies":[{"name":"wp","href":"https:\/\/api.w.org\/{rel}","templated":true}]}}